{"id":242,"date":"2022-08-07T12:57:49","date_gmt":"2022-08-07T10:57:49","guid":{"rendered":"http:\/\/placatena.ns0.it\/?page_id=242"},"modified":"2022-08-07T17:05:31","modified_gmt":"2022-08-07T15:05:31","slug":"news25","status":"publish","type":"page","link":"https:\/\/placatena.ns0.it\/?page_id=242","title":{"rendered":"Il Sole 24 Ore"},"content":{"rendered":"\n<div class=\"wp-block-group is-nowrap is-layout-flex wp-container-core-group-is-layout-ad2f72ca wp-block-group-is-layout-flex\">\n<a href=\"http:\/\/placatena.ns0.it\/?page_id=219\">Attualit\u00e0<\/a>\n\n\n\n<a href=\"http:\/\/placatena.ns0.it\/?page_id=221\">Politica economica<\/a>\n\n\n\n<a href=\"http:\/\/placatena.ns0.it\/?page_id=223\">Europa<\/a>\n\n\n\n<a href=\"http:\/\/placatena.ns0.it\/?page_id=225\">USA<\/a>\n\n\n\n<a href=\"http:\/\/placatena.ns0.it\/?page_id=229\">Americhe<\/a>\n\n\n\n<a href=\"http:\/\/placatena.ns0.it\/?page_id=233\">Medio Oriente<\/a>\n\n\n\n<a href=\"http:\/\/placatena.ns0.it\/?page_id=236\">Asia e Oceania<\/a>\n\n\n\n<a href=\"http:\/\/placatena.ns0.it\/?page_id=238\">Economia, Energia, Ambiente<\/a>\n\n\n\n<a href=\"http:\/\/placatena.ns0.it\/?page_id=239\">Lavoro<\/a>\n\n\n\n<a href=\"http:\/\/placatena.ns0.it\/?page_id=240\">Investimenti<\/a>\n\n\n\n<a href=\"http:\/\/placatena.ns0.it\/?page_id=241\">Opinioni<\/a>\n\n\n\n<a href=\"http:\/\/placatena.ns0.it\/?page_id=242\"><b>Commenti<\/b><\/a>\n\n\n\n<a href=\"http:\/\/placatena.ns0.it\/?page_id=243\">Cultura, idee<\/a>\n<\/div>\n\n\n<div class=\"feedzy-628b540e4987925c6e0963e843462623 feedzy-rss\"><ul><li  style=\"padding: 15px 0 25px\" class=\"rss_item\"><div class=\"rss_image\" style=\"width:150px; height:150px;\"><a href=\"https:\/\/www.ilsole24ore.com\/art\/solo-nazionalismo-europeo-puo-contrastare-quello-americano-AIED0ouB\" target=\"_blank\" rel=\" noopener\" title=\"Solo il \u00abnazionalismo europeo\u00bb pu\u00f2 contrastare quello americano\" style=\"width:150px; height:150px;\"><span class=\"fetched\" style=\"background-image:  url('https:\/\/i2.res.24o.it\/images2010\/S24\/Documenti\/2026\/03\/13\/Immagini\/Ritagli\/AdobeStock_446670259-U47767807122WTk-1440x752@IlSole24Ore-Web.jpeg');\" title=\"Solo il \u00abnazionalismo europeo\u00bb pu\u00f2 contrastare quello americano\"><\/span><amp-img width=\"150\" height=\"150\" src=\"https:\/\/i2.res.24o.it\/images2010\/S24\/Documenti\/2026\/03\/13\/Immagini\/Ritagli\/AdobeStock_446670259-U47767807122WTk-1440x752@IlSole24Ore-Web.jpeg\"><\/a><\/div><span class=\"title\"><a href=\"https:\/\/www.ilsole24ore.com\/art\/solo-nazionalismo-europeo-puo-contrastare-quello-americano-AIED0ouB\" target=\"_blank\" rel=\" noopener\">Solo il \u00abnazionalismo europeo\u00bb pu\u00f2 contrastare quello americano<\/a><\/span><div class=\"rss_content\" style=\"\"><small>by <a href=\"\/\/www.ilsole24ore.com\" target=\"_blank\" title=\"www.ilsole24ore.com\">di &lt;a href=&quot;https:\/\/argomenti.ilsole24ore.com\/mario-monti.html&quot;&gt;Mario Monti&lt;\/a&gt;<\/a> on 13 March 2026 at 11:10 <\/small><p>Un\u2019opinione pubblica informata e consapevole \u2013 ne sono convinto \u2013 \u00e8 una condizione necessaria per avere buone politiche pubbliche. Se i cittadini in generale e le classi dirigenti in particolare&#8230;<\/p><\/div><\/li><li  style=\"padding: 15px 0 25px\" class=\"rss_item\"><span class=\"title\"><a href=\"https:\/\/www.ilsole24ore.com\/art\/il-disequilibrio-economico-usa-e-reazioni-europee-AIHkcSgB\" target=\"_blank\" rel=\" noopener\">Il disequilibrio economico Usa e le reazioni europee<\/a><\/span><div class=\"rss_content\" style=\"\"><small>by <a href=\"\/\/www.ilsole24ore.com\" target=\"_blank\" title=\"www.ilsole24ore.com\">di &lt;a href=&quot;https:\/\/argomenti.ilsole24ore.com\/giovanni-tria.html&quot;&gt;Giovanni Tria&lt;\/a&gt;<\/a> on 28 February 2026 at 19:31 <\/small><p>La sentenza della Corte suprema degli Stati Uniti, che ha dichiarato incostituzionali i dazi imposti con ordini esecutivi del Presidente sulla base dell\u2019 International Emergency Economic Powers Act del 1977&#8230;<\/p><\/div><\/li><li  style=\"padding: 15px 0 25px\" class=\"rss_item\"><span class=\"title\"><a href=\"https:\/\/www.ilsole24ore.com\/art\/il-rischio-bolla-l-incognita-fed-l-opportunita-bce-AIB0HFgB\" target=\"_blank\" rel=\" noopener\">Il rischio bolla, l\u2019incognita Fed, l\u2019opportunit\u00e0 Bce<\/a><\/span><div class=\"rss_content\" style=\"\"><small>by <a href=\"\/\/www.ilsole24ore.com\" target=\"_blank\" title=\"www.ilsole24ore.com\">di &lt;a href=&quot;https:\/\/argomenti.ilsole24ore.com\/donato-masciandaro.html&quot;&gt;Donato Masciandaro&lt;\/a&gt;<\/a> on 28 February 2026 at 17:36 <\/small><p>Il brutto, il cattivo ed il buono: il rischio bolla finanziaria (il brutto) \u00e8 stato gestito in passato grazie Alla rete di sicurezza rappresentata dalla cooperazione tra banche centrali, nei&#8230;<\/p><\/div><\/li><li  style=\"padding: 15px 0 25px\" class=\"rss_item\"><div class=\"rss_image\" style=\"width:150px; height:150px;\"><a href=\"https:\/\/www.ilsole24ore.com\/art\/con-stefano-carrer-riflessione-resilienza-giappone-AIj75wEB\" target=\"_blank\" rel=\" noopener\" title=\"Con Stefano Carrer una riflessione sulla resilienza del Giappone\" style=\"width:150px; height:150px;\"><span class=\"fetched\" style=\"background-image:  url('https:\/\/i2.res.24o.it\/images2010\/S24\/Documenti\/2026\/02\/05\/Immagini\/Ritagli\/01-Stefano-col-taccuino-12%20genn-U88570335805efa-1440x752@IlSole24Ore-Web.jpg');\" title=\"Con Stefano Carrer una riflessione sulla resilienza del Giappone\"><\/span><amp-img width=\"150\" height=\"150\" src=\"https:\/\/i2.res.24o.it\/images2010\/S24\/Documenti\/2026\/02\/05\/Immagini\/Ritagli\/01-Stefano-col-taccuino-12%20genn-U88570335805efa-1440x752@IlSole24Ore-Web.jpg\"><\/a><\/div><span class=\"title\"><a href=\"https:\/\/www.ilsole24ore.com\/art\/con-stefano-carrer-riflessione-resilienza-giappone-AIj75wEB\" target=\"_blank\" rel=\" noopener\">Con Stefano Carrer una riflessione sulla resilienza del Giappone<\/a><\/span><div class=\"rss_content\" style=\"\"><small>by <a href=\"\/\/www.ilsole24ore.com\" target=\"_blank\" title=\"www.ilsole24ore.com\">di &lt;a href=&quot;https:\/\/argomenti.ilsole24ore.com\/riccardo-barlaam.html&quot;&gt;Riccardo Barlaam&lt;\/a&gt;<\/a> on 5 February 2026 at 11:00 <\/small><p>In mostra a Milano gli articoli e le foto del nostro collega scomparso prematuramente. Intitolata \u00abDa Hiroshima a Fukushima\u00bb l\u2019esposizione racconta come il Paese nipponico ha affrontato due catastrofi nucleari<\/p><\/div><\/li><li  style=\"padding: 15px 0 25px\" class=\"rss_item\"><span class=\"title\"><a href=\"https:\/\/www.ilsole24ore.com\/art\/sfide-e-opportunita-geopolitica-commercio-e-politica-industriale-AIX7WA7\" target=\"_blank\" rel=\" noopener\">Sfide e opportunit\u00e0 tra geopolitica, commercio e politica industriale<\/a><\/span><div class=\"rss_content\" style=\"\"><small>by <a href=\"\/\/www.ilsole24ore.com\" target=\"_blank\" title=\"www.ilsole24ore.com\">di &lt;a href=&quot;https:\/\/argomenti.ilsole24ore.com\/valentina-meliciani.html&quot;&gt;Valentina Meliciani&lt;\/a&gt;<\/a> on 29 January 2026 at 11:34 <\/small><p>Il 2026 si \u00e8 aperto con una serie di shock geopolitici che hanno immediatamente riportato al centro dell\u2019agenda europea il tema dell\u2019autonomia strategica. Nel solo mese di gennaio, il commercio&#8230;<\/p><\/div><\/li><li  style=\"padding: 15px 0 25px\" class=\"rss_item\"><div class=\"rss_image\" style=\"width:150px; height:150px;\"><a href=\"https:\/\/www.ilsole24ore.com\/art\/soft-power-e-multilateralismo-una-geopolitica-persuasione-e-tecnologia-AI8B4y6\" target=\"_blank\" rel=\" noopener\" title=\"Soft power e multilateralismo per una geopolitica di persuasione e tecnologia\" style=\"width:150px; height:150px;\"><span class=\"fetched\" style=\"background-image:  url('https:\/\/i2.res.24o.it\/images2010\/S24\/Documenti\/2026\/01\/29\/Immagini\/Ritagli\/AdobeStock_387498392-U27518417057mtp-1440x752@IlSole24Ore-Web.jpeg');\" title=\"Soft power e multilateralismo per una geopolitica di persuasione e tecnologia\"><\/span><amp-img width=\"150\" height=\"150\" src=\"https:\/\/i2.res.24o.it\/images2010\/S24\/Documenti\/2026\/01\/29\/Immagini\/Ritagli\/AdobeStock_387498392-U27518417057mtp-1440x752@IlSole24Ore-Web.jpeg\"><\/a><\/div><span class=\"title\"><a href=\"https:\/\/www.ilsole24ore.com\/art\/soft-power-e-multilateralismo-una-geopolitica-persuasione-e-tecnologia-AI8B4y6\" target=\"_blank\" rel=\" noopener\">Soft power e multilateralismo per una geopolitica di persuasione e tecnologia<\/a><\/span><div class=\"rss_content\" style=\"\"><small>by <a href=\"\/\/www.ilsole24ore.com\" target=\"_blank\" title=\"www.ilsole24ore.com\">di &lt;a href=&quot;https:\/\/argomenti.ilsole24ore.com\/gianluca-ansalone.html&quot;&gt;Gianluca Ansalone&lt;\/a&gt;<\/a> on 28 January 2026 at 17:16 <\/small><p>Promuovere un multilateralismo pragmatico ed efficace. Rafforzare la capacit\u00e0 degli Stati di attrarre consenso attraverso la persuasione. Modellare ed aggiornare regole di convivenza fondate su valori comuni. Sviluppare benessere e&#8230;<\/p><\/div><\/li><li  style=\"padding: 15px 0 25px\" class=\"rss_item\"><div class=\"rss_image\" style=\"width:150px; height:150px;\"><a href=\"https:\/\/www.ilsole24ore.com\/art\/le-restituzioni-ebrei-come-misure-riparatorie-AIKaqE0\" target=\"_blank\" rel=\" noopener\" title=\"Le \u00abrestituzioni\u00bb agli ebrei come misure riparatorie\" style=\"width:150px; height:150px;\"><span class=\"fetched\" style=\"background-image:  url('https:\/\/i2.res.24o.it\/images2010\/S24\/Documenti\/2026\/01\/23\/Immagini\/Ritagli\/memoriale-shoah-2-U15743337028aWM-1440x752@IlSole24Ore-Web.jpg');\" title=\"Le \u00abrestituzioni\u00bb agli ebrei come misure riparatorie\"><\/span><amp-img width=\"150\" height=\"150\" src=\"https:\/\/i2.res.24o.it\/images2010\/S24\/Documenti\/2026\/01\/23\/Immagini\/Ritagli\/memoriale-shoah-2-U15743337028aWM-1440x752@IlSole24Ore-Web.jpg\"><\/a><\/div><span class=\"title\"><a href=\"https:\/\/www.ilsole24ore.com\/art\/le-restituzioni-ebrei-come-misure-riparatorie-AIKaqE0\" target=\"_blank\" rel=\" noopener\">Le \u00abrestituzioni\u00bb agli ebrei come misure riparatorie<\/a><\/span><div class=\"rss_content\" style=\"\"><small>by <a href=\"\/\/www.ilsole24ore.com\" target=\"_blank\" title=\"www.ilsole24ore.com\">di &lt;a href=&quot;https:\/\/argomenti.ilsole24ore.com\/david-bidussa.html&quot;&gt;David Bidussa&lt;\/a&gt;<\/a> on 23 January 2026 at 11:04 <\/small><p>Dagli anni 90, \u00e8 riemerso il tema dei beni sottratti agli ebrei durante la Shoah, producendo azioni giudiziarie, solitamente riunite sotto la forma di class action, contro banche, imprese e&#8230;<\/p><\/div><\/li><li  style=\"padding: 15px 0 25px\" class=\"rss_item\"><div class=\"rss_image\" style=\"width:150px; height:150px;\"><a href=\"https:\/\/www.ilsole24ore.com\/art\/la-riforma-pa-e-come-cacciare-peggiori-AIkgJvf\" target=\"_blank\" rel=\" noopener\" title=\"La riforma della PA e come cacciare i peggiori\" style=\"width:150px; height:150px;\"><span class=\"fetched\" style=\"background-image:  url('https:\/\/i2.res.24o.it\/images2010\/S24\/Documenti\/2026\/01\/03\/Immagini\/Ritagli\/pubblica-amministrazione-U74414511765TOv-1440x752@IlSole24Ore-Web.jpg');\" title=\"La riforma della PA e come cacciare i peggiori\"><\/span><amp-img width=\"150\" height=\"150\" src=\"https:\/\/i2.res.24o.it\/images2010\/S24\/Documenti\/2026\/01\/03\/Immagini\/Ritagli\/pubblica-amministrazione-U74414511765TOv-1440x752@IlSole24Ore-Web.jpg\"><\/a><\/div><span class=\"title\"><a href=\"https:\/\/www.ilsole24ore.com\/art\/la-riforma-pa-e-come-cacciare-peggiori-AIkgJvf\" target=\"_blank\" rel=\" noopener\">La riforma della PA e come cacciare i peggiori<\/a><\/span><div class=\"rss_content\" style=\"\"><small>by <a href=\"\/\/www.ilsole24ore.com\" target=\"_blank\" title=\"www.ilsole24ore.com\">di &lt;a href=&quot;https:\/\/argomenti.ilsole24ore.com\/giovanni-tria.html&quot;&gt;Giovanni Tria&lt;\/a&gt;<\/a> on 2 January 2026 at 14:31 <\/small><p>In un recente articolo, (30 dicembre, Project Syndicate) Nouriel Roubini afferma \u201cLa vera minaccia che l\u2019Europa deve affrontare risiede nella propria arretratezza economica e tecnologica. Tra il 2008 e il&#8230;<\/p><\/div><\/li><li  style=\"padding: 15px 0 25px\" class=\"rss_item\"><div class=\"rss_image\" style=\"width:150px; height:150px;\"><a href=\"https:\/\/www.ilsole24ore.com\/art\/gauthier-e-giustizia-senza-virtu-AI9D9xV\" target=\"_blank\" rel=\" noopener\" title=\"Gauthier e la giustizia senza virt\u00f9\" style=\"width:150px; height:150px;\"><span class=\"fetched\" style=\"background-image:  url('https:\/\/i2.res.24o.it\/images2010\/S24\/Documenti\/2025\/12\/21\/Immagini\/Ritagli\/giustizia-U47474162572drr-1440x752@IlSole24Ore-Web.jpeg');\" title=\"Gauthier e la giustizia senza virt\u00f9\"><\/span><amp-img width=\"150\" height=\"150\" src=\"https:\/\/i2.res.24o.it\/images2010\/S24\/Documenti\/2025\/12\/21\/Immagini\/Ritagli\/giustizia-U47474162572drr-1440x752@IlSole24Ore-Web.jpeg\"><\/a><\/div><span class=\"title\"><a href=\"https:\/\/www.ilsole24ore.com\/art\/gauthier-e-giustizia-senza-virtu-AI9D9xV\" target=\"_blank\" rel=\" noopener\">Gauthier e la giustizia senza virt\u00f9<\/a><\/span><div class=\"rss_content\" style=\"\"><small>by <a href=\"\/\/www.ilsole24ore.com\" target=\"_blank\" title=\"www.ilsole24ore.com\">di &lt;a href=&quot;https:\/\/argomenti.ilsole24ore.com\/vittorio-pelligra.html&quot;&gt;Vittorio Pelligra&lt;\/a&gt; *<\/a> on 21 December 2025 at 09:16 <\/small><p>Fino a che punto la ragione pu\u00f2 imporre vincoli alla propria libert\u00e0, senza fare appello a ideali morali esterni? \u00c8 sempre stata, questa, una delle domande centrali della filosofia moderna&#8230;.<\/p><\/div><\/li><li  style=\"padding: 15px 0 25px\" class=\"rss_item\"><div class=\"rss_image\" style=\"width:150px; height:150px;\"><a href=\"https:\/\/www.ilsole24ore.com\/art\/la-politica-come-architettura-possibilita-AI0TJgO\" target=\"_blank\" rel=\" noopener\" title=\"La politica come architettura delle possibilit\u00e0\" style=\"width:150px; height:150px;\"><span class=\"fetched\" style=\"background-image:  url('https:\/\/i2.res.24o.it\/images2010\/S24\/Documenti\/2025\/12\/13\/Immagini\/Ritagli\/E05676EE-4C2A-489C-9BD9-E68DF32096A3-Collage-U68531701631cdn-U06265752086ZcQ-1440x752@IlSole24Ore-Web.JPEG');\" title=\"La politica come architettura delle possibilit\u00e0\"><\/span><amp-img width=\"150\" height=\"150\" src=\"https:\/\/i2.res.24o.it\/images2010\/S24\/Documenti\/2025\/12\/13\/Immagini\/Ritagli\/E05676EE-4C2A-489C-9BD9-E68DF32096A3-Collage-U68531701631cdn-U06265752086ZcQ-1440x752@IlSole24Ore-Web.JPEG\"><\/a><\/div><span class=\"title\"><a href=\"https:\/\/www.ilsole24ore.com\/art\/la-politica-come-architettura-possibilita-AI0TJgO\" target=\"_blank\" rel=\" noopener\">La politica come architettura delle possibilit\u00e0<\/a><\/span><div class=\"rss_content\" style=\"\"><small>by <a href=\"\/\/www.ilsole24ore.com\" target=\"_blank\" title=\"www.ilsole24ore.com\">di &lt;a href=&quot;https:\/\/argomenti.ilsole24ore.com\/vittorio-pelligra.html&quot;&gt;Vittorio Pelligra&lt;\/a&gt; *<\/a> on 14 December 2025 at 07:58 <\/small><p>\u201cNon \u00e8 accettabile un mondo con pochi predestinati seduti a banchetto e molti altri destinati a sperare di ricavarne alcune briciole\u201d. Fa molto bene il Presidente Mattarella a ribadirlo, \u00e8&#8230;<\/p><\/div><\/li><li  style=\"padding: 15px 0 25px\" class=\"rss_item\"><span class=\"title\"><a href=\"https:\/\/www.ilsole24ore.com\/art\/la-sfida-rendere-l-italia-attrattiva-i-giovani-AI3cnvD\" target=\"_blank\" rel=\" noopener\">La sfida per rendere l\u2019Italia attrattiva per i giovani<\/a><\/span><div class=\"rss_content\" style=\"\"><small>by <a href=\"\/\/www.ilsole24ore.com\" target=\"_blank\" title=\"www.ilsole24ore.com\">di &lt;a href=&quot;https:\/\/argomenti.ilsole24ore.com\/renato-brunetta.html&quot;&gt;Renato Brunetta&lt;\/a&gt;<\/a> on 4 December 2025 at 09:58 <\/small><p>\u00abI giovani sono la grande risorsa del nostro Paese. Possiamo contare sul loro entusiasmo, sulla loro forza creativa\u00bb, queste le parole del Presidente della Repubblica, Sergio Mattarella, nell\u2019ultimo discorso di&#8230;<\/p><\/div><\/li><li  style=\"padding: 15px 0 25px\" class=\"rss_item\"><div class=\"rss_image\" style=\"width:150px; height:150px;\"><a href=\"https:\/\/www.ilsole24ore.com\/art\/sundsbo-fotografa-bisogno-riconnettere-individuo-e-natura-AHEr9boD\" target=\"_blank\" rel=\" noopener\" title=\"Sundsb\u00f8 fotografa il bisogno di riconnettere individuo e natura\" style=\"width:150px; height:150px;\"><span class=\"fetched\" style=\"background-image:  url('https:\/\/i2.res.24o.it\/images2010\/S24\/Documenti\/2025\/11\/18\/Immagini\/8_Eva_Herzigova.jpg');\" title=\"Sundsb\u00f8 fotografa il bisogno di riconnettere individuo e natura\"><\/span><amp-img width=\"150\" height=\"150\" src=\"https:\/\/i2.res.24o.it\/images2010\/S24\/Documenti\/2025\/11\/18\/Immagini\/8_Eva_Herzigova.jpg\"><\/a><\/div><span class=\"title\"><a href=\"https:\/\/www.ilsole24ore.com\/art\/sundsbo-fotografa-bisogno-riconnettere-individuo-e-natura-AHEr9boD\" target=\"_blank\" rel=\" noopener\">Sundsb\u00f8 fotografa il bisogno di riconnettere individuo e natura<\/a><\/span><div class=\"rss_content\" style=\"\"><small>by <a href=\"\/\/www.ilsole24ore.com\" target=\"_blank\" title=\"www.ilsole24ore.com\">di &lt;a href=&quot;https:\/\/argomenti.ilsole24ore.com\/marigia-mangano.html&quot;&gt;Marigia Mangano&lt;\/a&gt;<\/a> on 18 November 2025 at 10:36 <\/small><p>La forza del Calendario? \u00abLa sua fisicit\u00e0\u00bb. Il filo conduttore del lavoro di S\u00f8lve Sundsb\u00f8? \u00abLa simbiosi\u00bb. Il risultato finale? \u00abUn mondo rivelazione\u00bb. Tommaso Pincio sceglie questi tre concetti \u2013&#8230;<\/p><\/div><\/li><li  style=\"padding: 15px 0 25px\" class=\"rss_item\"><div class=\"rss_image\" style=\"width:150px; height:150px;\"><a href=\"https:\/\/www.ilsole24ore.com\/art\/nancy-fraser-e-quattro-ferite-capitalismo-cannibale-AH7wUblD\" target=\"_blank\" rel=\" noopener\" title=\"Nancy Fraser e le quattro ferite del \u201ccapitalismo cannibale\u201d\" style=\"width:150px; height:150px;\"><span class=\"fetched\" style=\"background-image:  url('https:\/\/i2.res.24o.it\/images2010\/S24\/Documenti\/2025\/11\/16\/Immagini\/Ritagli\/Nancy-Fraser-libro-U30262570536ctQ-1440x752@IlSole24Ore-Web.jpg');\" title=\"Nancy Fraser e le quattro ferite del \u201ccapitalismo cannibale\u201d\"><\/span><amp-img width=\"150\" height=\"150\" src=\"https:\/\/i2.res.24o.it\/images2010\/S24\/Documenti\/2025\/11\/16\/Immagini\/Ritagli\/Nancy-Fraser-libro-U30262570536ctQ-1440x752@IlSole24Ore-Web.jpg\"><\/a><\/div><span class=\"title\"><a href=\"https:\/\/www.ilsole24ore.com\/art\/nancy-fraser-e-quattro-ferite-capitalismo-cannibale-AH7wUblD\" target=\"_blank\" rel=\" noopener\">Nancy Fraser e le quattro ferite del \u201ccapitalismo cannibale\u201d<\/a><\/span><div class=\"rss_content\" style=\"\"><small>by <a href=\"\/\/www.ilsole24ore.com\" target=\"_blank\" title=\"www.ilsole24ore.com\">di &lt;a href=&quot;https:\/\/argomenti.ilsole24ore.com\/vittorio-pelligra.html&quot;&gt;Vittorio Pelligra&lt;\/a&gt; *<\/a> on 16 November 2025 at 08:03 <\/small><p>C\u2019\u00e8 una frase, nelle prime pagine di Capitalismo cannibale, l\u2019ultimo libro della filosofa Nancy Fraser, che possiede la forza di una sentenza: il capitalismo \u00e8 come un uroboro, il serpente&#8230;<\/p><\/div><\/li><\/ul> <\/div><style type=\"text\/css\" media=\"all\">.feedzy-rss .rss_item .rss_image{float:left;position:relative;border:none;text-decoration:none;max-width:100%}.feedzy-rss .rss_item .rss_image span{display:inline-block;position:absolute;width:100%;height:100%;background-position:50%;background-size:cover}.feedzy-rss .rss_item .rss_image{margin:.3em 1em 0 0;content-visibility:auto}.feedzy-rss ul{list-style:none}.feedzy-rss ul li{display:inline-block}<\/style>","protected":false},"excerpt":{"rendered":"<p>Attualit\u00e0 Politica economica Europa USA Americhe Medio Oriente Asia e Oceania Economia, Energia, Ambiente Lavoro Investimenti Opinioni Commenti Cultura, idee<\/p>\n","protected":false},"author":1,"featured_media":0,"parent":74,"menu_order":0,"comment_status":"closed","ping_status":"closed","template":"templates\/template-page-full-width.php","meta":{"footnotes":""},"class_list":["post-242","page","type-page","status-publish","hentry"],"_links":{"self":[{"href":"https:\/\/placatena.ns0.it\/index.php?rest_route=\/wp\/v2\/pages\/242","targetHints":{"allow":["GET"]}}],"collection":[{"href":"https:\/\/placatena.ns0.it\/index.php?rest_route=\/wp\/v2\/pages"}],"about":[{"href":"https:\/\/placatena.ns0.it\/index.php?rest_route=\/wp\/v2\/types\/page"}],"author":[{"embeddable":true,"href":"https:\/\/placatena.ns0.it\/index.php?rest_route=\/wp\/v2\/users\/1"}],"replies":[{"embeddable":true,"href":"https:\/\/placatena.ns0.it\/index.php?rest_route=%2Fwp%2Fv2%2Fcomments&post=242"}],"version-history":[{"count":4,"href":"https:\/\/placatena.ns0.it\/index.php?rest_route=\/wp\/v2\/pages\/242\/revisions"}],"predecessor-version":[{"id":325,"href":"https:\/\/placatena.ns0.it\/index.php?rest_route=\/wp\/v2\/pages\/242\/revisions\/325"}],"up":[{"embeddable":true,"href":"https:\/\/placatena.ns0.it\/index.php?rest_route=\/wp\/v2\/pages\/74"}],"wp:attachment":[{"href":"https:\/\/placatena.ns0.it\/index.php?rest_route=%2Fwp%2Fv2%2Fmedia&parent=242"}],"curies":[{"name":"wp","href":"https:\/\/api.w.org\/{rel}","templated":true}]}}